{"id":57,"date":"2025-10-24T14:13:23","date_gmt":"2025-10-24T14:13:23","guid":{"rendered":"https:\/\/kelonia.li\/?page_id=57"},"modified":"2025-10-24T15:08:28","modified_gmt":"2025-10-24T15:08:28","slug":"kelonia-services-fuer-finanzintermediaere","status":"publish","type":"page","link":"https:\/\/kelonia.li\/","title":{"rendered":"Kelonia &#8211; Services f\u00fcr Finanzintermedi\u00e4re"},"content":{"rendered":"\t\t<div data-elementor-type=\"wp-page\" data-elementor-id=\"57\" class=\"elementor elementor-57\" data-elementor-post-type=\"page\">\n\t\t\t\t<div class=\"elementor-element elementor-element-7ffb379 e-flex e-con-boxed e-con e-parent\" data-id=\"7ffb379\" data-element_type=\"container\" data-e-type=\"container\" data-settings=\"{&quot;background_background&quot;:&quot;classic&quot;}\">\n\t\t\t\t\t<div class=\"e-con-inner\">\n\t\t<div class=\"elementor-element elementor-element-6d56a3ba e-con-full e-flex e-con e-child\" data-id=\"6d56a3ba\" data-element_type=\"container\" data-e-type=\"container\">\n\t\t\t\t<div class=\"elementor-element elementor-element-62b2356a elementor-widget elementor-widget-heading\" data-id=\"62b2356a\" data-element_type=\"widget\" data-e-type=\"widget\" data-widget_type=\"heading.default\">\n\t\t\t\t\t<h1 class=\"elementor-heading-title elementor-size-default\">Services f\u00fcr Finanzintermedi\u00e4re<\/h1>\t\t\t\t<\/div>\n\t\t\t\t<div class=\"elementor-element elementor-element-5b1f0865 elementor-widget__width-initial elementor-widget elementor-widget-text-editor\" data-id=\"5b1f0865\" data-element_type=\"widget\" data-e-type=\"widget\" data-widget_type=\"text-editor.default\">\n\t\t\t\t\t\t\t\t\t<p style=\"font-weight: 400;\">Der Finanzplatz Liechtenstein hat sich in den letzten Jahren stark ver\u00e4ndert. So sind auch die Anforderungen, welche an Buchhaltung und Reporting gestellt werden, massiv gestiegen. Hierbei spielen die regulatorischen Vorgaben genauso eine Rolle wie die vollkommen ver\u00e4nderten steuerlichen Gegebenheiten. Aber auch gestiegenes Interesse von Kundenseite an ein ansprechendes Reporting \u00fcber verwaltete Verm\u00f6gen und Unternehmen ist feststellbar. Die steuerlichen Entwicklungen der j\u00fcngsten Vergangenheit wie etwa Abgeltungssteuerabkommen, FATCA und AIA f\u00fchren zu weiter steigenden Anforderungen an die Qualit\u00e4t der Buchf\u00fchrung. Wir bieten Ihnen in diesem spannenden Umfeld die M\u00f6glichkeit, gezielt Buchhaltungsdienstleistungen und Services auszulagern um mit einem hochwertigen Produkt ein weiteres Alleinstellungsmerkmal gegen\u00fcber Ihren Kunden zu bieten.\u00a0<\/p>\t\t\t\t\t\t\t\t<\/div>\n\t\t\t\t<div class=\"elementor-element elementor-element-51c4d61b elementor-widget elementor-widget-heading\" data-id=\"51c4d61b\" data-element_type=\"widget\" data-e-type=\"widget\" data-widget_type=\"heading.default\">\n\t\t\t\t\t<h2 class=\"elementor-heading-title elementor-size-default\">Allgemeine Buchhaltungs-<br>dienstleistungen und Revisionen<\/h2>\t\t\t\t<\/div>\n\t\t\t\t<div class=\"elementor-element elementor-element-fdb87aa elementor-widget__width-initial elementor-widget elementor-widget-text-editor\" data-id=\"fdb87aa\" data-element_type=\"widget\" data-e-type=\"widget\" data-widget_type=\"text-editor.default\">\n\t\t\t\t\t\t\t\t\t<p style=\"font-weight: 400;\">Der Finanzplatz Liechtenstein hat sich in den letzten Jahren stark ver\u00e4ndert. So sind auch die Anforderungen, welche an Buchhaltung und Reporting gestellt werden, massiv gestiegen. Hierbei spielen die regulatorischen Vorgaben genauso eine Rolle wie die vollkommen ver\u00e4nderten steuerlichen Gegebenheiten. Aber auch gestiegenes Interesse von Kundenseite an ein ansprechendes Reporting \u00fcber verwaltete Verm\u00f6gen und Unternehmen ist feststellbar. Die steuerlichen Entwicklungen der j\u00fcngsten Vergangenheit wie etwa Abgeltungssteuerabkommen, FATCA und AIA f\u00fchren zu weiter steigenden Anforderungen an die Qualit\u00e4t der Buchf\u00fchrung. Wir bieten Ihnen in diesem spannenden Umfeld die M\u00f6glichkeit, gezielt Buchhaltungsdienstleistungen und Services auszulagern um mit einem hochwertigen Produkt ein weiteres Alleinstellungsmerkmal gegen\u00fcber Ihren Kunden zu bieten.\u00a0<\/p>\t\t\t\t\t\t\t\t<\/div>\n\t\t\t\t<\/div>\n\t\t\t\t\t<\/div>\n\t\t\t\t<\/div>\n\t\t<div class=\"elementor-element elementor-element-7437be2d e-flex e-con-boxed e-con e-parent\" data-id=\"7437be2d\" data-element_type=\"container\" data-e-type=\"container\" data-settings=\"{&quot;background_background&quot;:&quot;classic&quot;}\">\n\t\t\t\t\t<div class=\"e-con-inner\">\n\t\t<div class=\"elementor-element elementor-element-7baf6882 e-con-full e-flex e-con e-child\" data-id=\"7baf6882\" data-element_type=\"container\" data-e-type=\"container\">\n\t\t\t\t<div class=\"elementor-element elementor-element-2977bc91 elementor-widget__width-initial elementor-widget elementor-widget-heading\" data-id=\"2977bc91\" data-element_type=\"widget\" data-e-type=\"widget\" data-widget_type=\"heading.default\">\n\t\t\t\t\t<h2 class=\"elementor-heading-title elementor-size-default\">Bert Martin Marxer<\/h2>\t\t\t\t<\/div>\n\t\t\t\t<\/div>\n\t\t<div class=\"elementor-element elementor-element-3fb4ad2e e-con-full e-flex e-con e-child\" data-id=\"3fb4ad2e\" data-element_type=\"container\" data-e-type=\"container\">\n\t\t\t\t<div class=\"elementor-element elementor-element-978fd2b elementor-widget__width-initial elementor-widget elementor-widget-text-editor\" data-id=\"978fd2b\" data-element_type=\"widget\" data-e-type=\"widget\" data-widget_type=\"text-editor.default\">\n\t\t\t\t\t\t\t\t\t<p style=\"font-weight: 400;\">Fachmann im Finanz- und Rechnungswesen mit Eidg.\u00a0Fachausweis<br \/>Langj\u00e4hrige Erfahrung im Liechtensteinischen Treuhand<\/p>\t\t\t\t\t\t\t\t<\/div>\n\t\t\t\t<\/div>\n\t\t<div class=\"elementor-element elementor-element-5ec5cb08 e-con-full e-flex e-con e-child\" data-id=\"5ec5cb08\" data-element_type=\"container\" data-e-type=\"container\">\n\t\t\t\t<div class=\"elementor-element elementor-element-7465ebf3 elementor-widget elementor-widget-image\" data-id=\"7465ebf3\" data-element_type=\"widget\" data-e-type=\"widget\" data-widget_type=\"image.default\">\n\t\t\t\t\t\t\t\t\t\t\t\t\t\t\t<img fetchpriority=\"high\" decoding=\"async\" width=\"532\" height=\"705\" src=\"https:\/\/kelonia.li\/wp-content\/uploads\/2025\/10\/WhatsApp-Image-2025-10-24-at-14.38.10.jpeg\" class=\"attachment-full size-full wp-image-71\" alt=\"\" srcset=\"https:\/\/kelonia.li\/wp-content\/uploads\/2025\/10\/WhatsApp-Image-2025-10-24-at-14.38.10.jpeg 532w, https:\/\/kelonia.li\/wp-content\/uploads\/2025\/10\/WhatsApp-Image-2025-10-24-at-14.38.10-226x300.jpeg 226w\" sizes=\"(max-width: 532px) 100vw, 532px\" \/>\t\t\t\t\t\t\t\t\t\t\t\t\t\t\t<\/div>\n\t\t\t\t<\/div>\n\t\t\t\t\t<\/div>\n\t\t\t\t<\/div>\n\t\t\t\t<\/div>\n\t\t","protected":false},"excerpt":{"rendered":"<p>Services f\u00fcr Finanzintermedi\u00e4re Der Finanzplatz Liechtenstein hat sich in den letzten Jahren stark ver\u00e4ndert. So sind auch die Anforderungen, welche an Buchhaltung und Reporting gestellt werden, massiv gestiegen. Hierbei spielen die regulatorischen Vorgaben genauso eine Rolle wie die vollkommen ver\u00e4nderten steuerlichen Gegebenheiten. Aber auch gestiegenes Interesse von Kundenseite an ein ansprechendes Reporting \u00fcber verwaltete Verm\u00f6gen [&hellip;]<\/p>\n","protected":false},"author":1,"featured_media":0,"parent":0,"menu_order":0,"comment_status":"closed","ping_status":"closed","template":"elementor_header_footer","meta":{"footnotes":""},"class_list":["post-57","page","type-page","status-publish","hentry"],"_links":{"self":[{"href":"https:\/\/kelonia.li\/index.php\/wp-json\/wp\/v2\/pages\/57","targetHints":{"allow":["GET"]}}],"collection":[{"href":"https:\/\/kelonia.li\/index.php\/wp-json\/wp\/v2\/pages"}],"about":[{"href":"https:\/\/kelonia.li\/index.php\/wp-json\/wp\/v2\/types\/page"}],"author":[{"embeddable":true,"href":"https:\/\/kelonia.li\/index.php\/wp-json\/wp\/v2\/users\/1"}],"replies":[{"embeddable":true,"href":"https:\/\/kelonia.li\/index.php\/wp-json\/wp\/v2\/comments?post=57"}],"version-history":[{"count":55,"href":"https:\/\/kelonia.li\/index.php\/wp-json\/wp\/v2\/pages\/57\/revisions"}],"predecessor-version":[{"id":167,"href":"https:\/\/kelonia.li\/index.php\/wp-json\/wp\/v2\/pages\/57\/revisions\/167"}],"wp:attachment":[{"href":"https:\/\/kelonia.li\/index.php\/wp-json\/wp\/v2\/media?parent=57"}],"curies":[{"name":"wp","href":"https:\/\/api.w.org\/{rel}","templated":true}]}}